{"id":681,"date":"2025-08-25T03:17:21","date_gmt":"2025-08-25T03:17:21","guid":{"rendered":"https:\/\/entsocalberta.ca\/jam2025\/?page_id=681"},"modified":"2025-10-05T22:57:44","modified_gmt":"2025-10-05T22:57:44","slug":"horaire","status":"publish","type":"page","link":"https:\/\/entsocalberta.ca\/jam2025\/fr\/programme\/horaire\/","title":{"rendered":"Horaire"},"content":{"rendered":"\n<h2 class=\"wp-block-heading has-text-align-center has-large-font-size\"><strong>Horaire<\/strong><\/h2>\n\n\n\n<div class=\"wp-block-buttons is-content-justification-center is-layout-flex wp-container-core-buttons-is-layout-a89b3969 wp-block-buttons-is-layout-flex\">\n<div class=\"wp-block-button\"><a class=\"wp-block-button__link wp-element-button\" href=\"https:\/\/entsocalberta.ca\/jam2025\/wp-content\/uploads\/2025\/10\/0ESC-ESAB-JAM-2025-Scientific-Program-FOR-DISTRIBUTION-5-Oct-2025.pdf\" target=\"_blank\" rel=\"noreferrer noopener\">T\u00e9l\u00e9charger le programme complet<\/a><\/div>\n<\/div>\n\n\n\n<hr class=\"wp-block-separator has-alpha-channel-opacity\" style=\"margin-top:var(--wp--preset--spacing--20);margin-bottom:var(--wp--preset--spacing--20)\"\/>\n\n\n\n<h2 class=\"wp-block-heading has-text-align-center has-medium-font-size\"><strong>Horaire en bref<\/strong><\/h2>\n\n\n<div class=\"wp-block-ub-tabbed-content wp-block-ub-tabbed-content-holder wp-block-ub-tabbed-content-horizontal-holder-mobile wp-block-ub-tabbed-content-horizontal-holder-tablet\" id=\"ub-tabbed-content-566c26d5-1432-4b22-aadd-2b83d7ea5810\" style=\"\">\n\t\t\t<div class=\"wp-block-ub-tabbed-content-tab-holder horizontal-tab-width-mobile horizontal-tab-width-tablet\">\n\t\t\t\t<div role=\"tablist\" class=\"wp-block-ub-tabbed-content-tabs-title wp-block-ub-tabbed-content-tabs-title-mobile-horizontal-tab wp-block-ub-tabbed-content-tabs-title-tablet-horizontal-tab\" style=\"justify-content: flex-start; \"><div role=\"tab\" id=\"ub-tabbed-content-566c26d5-1432-4b22-aadd-2b83d7ea5810-tab-0\" aria-controls=\"ub-tabbed-content-566c26d5-1432-4b22-aadd-2b83d7ea5810-panel-0\" aria-selected=\"true\" class=\"wp-block-ub-tabbed-content-tab-title-wrap active\" style=\"--ub-tabbed-title-background-color: #abb8c3; --ub-tabbed-active-title-color: inherit; --ub-tabbed-active-title-background-color: #abb8c3; text-align: left; \" tabindex=\"-1\">\n\t\t\t\t<div class=\"wp-block-ub-tabbed-content-tab-title\">5 oct. \u2013 dimanche<\/div>\n\t\t\t<\/div><div role=\"tab\" id=\"ub-tabbed-content-566c26d5-1432-4b22-aadd-2b83d7ea5810-tab-1\" aria-controls=\"ub-tabbed-content-566c26d5-1432-4b22-aadd-2b83d7ea5810-panel-1\" aria-selected=\"false\" class=\"wp-block-ub-tabbed-content-tab-title-wrap\" style=\"--ub-tabbed-active-title-color: inherit; --ub-tabbed-active-title-background-color: #abb8c3; text-align: left; \" tabindex=\"-1\">\n\t\t\t\t<div class=\"wp-block-ub-tabbed-content-tab-title\">6 oct. \u2013 lundi<\/div>\n\t\t\t<\/div><div role=\"tab\" id=\"ub-tabbed-content-566c26d5-1432-4b22-aadd-2b83d7ea5810-tab-2\" aria-controls=\"ub-tabbed-content-566c26d5-1432-4b22-aadd-2b83d7ea5810-panel-2\" aria-selected=\"false\" class=\"wp-block-ub-tabbed-content-tab-title-wrap\" style=\"--ub-tabbed-active-title-color: inherit; --ub-tabbed-active-title-background-color: #abb8c3; text-align: left; \" tabindex=\"-1\">\n\t\t\t\t<div class=\"wp-block-ub-tabbed-content-tab-title\">7 oct. \u2013 mardi<\/div>\n\t\t\t<\/div><div role=\"tab\" id=\"ub-tabbed-content-566c26d5-1432-4b22-aadd-2b83d7ea5810-tab-3\" aria-controls=\"ub-tabbed-content-566c26d5-1432-4b22-aadd-2b83d7ea5810-panel-3\" aria-selected=\"false\" class=\"wp-block-ub-tabbed-content-tab-title-wrap\" style=\"--ub-tabbed-active-title-color: inherit; --ub-tabbed-active-title-background-color: #abb8c3; text-align: left; \" tabindex=\"-1\">\n\t\t\t\t<div class=\"wp-block-ub-tabbed-content-tab-title\">8 oct. \u2013 mercredi<\/div>\n\t\t\t<\/div><\/div>\n\t\t\t<\/div>\n\t\t\t<div class=\"wp-block-ub-tabbed-content-tabs-content\" style=\"\"><div role=\"tabpanel\" class=\"wp-block-ub-tabbed-content-tab-content-wrap active\" id=\"ub-tabbed-content-566c26d5-1432-4b22-aadd-2b83d7ea5810-panel-0\" aria-labelledby=\"ub-tabbed-content-566c26d5-1432-4b22-aadd-2b83d7ea5810-tab-0\" tabindex=\"0\">\n\n<figure class=\"wp-block-image aligncenter size-large\"><img loading=\"lazy\" decoding=\"async\" width=\"1024\" height=\"764\" src=\"https:\/\/entsocalberta.ca\/jam2025\/wp-content\/uploads\/2025\/10\/5oct_JAM2025_Schedule_FR-e1759452613830-1024x764.png\" alt=\"\" class=\"wp-image-815\" srcset=\"https:\/\/entsocalberta.ca\/jam2025\/wp-content\/uploads\/2025\/10\/5oct_JAM2025_Schedule_FR-e1759452613830-1024x764.png 1024w, https:\/\/entsocalberta.ca\/jam2025\/wp-content\/uploads\/2025\/10\/5oct_JAM2025_Schedule_FR-e1759452613830-300x224.png 300w, https:\/\/entsocalberta.ca\/jam2025\/wp-content\/uploads\/2025\/10\/5oct_JAM2025_Schedule_FR-e1759452613830-768x573.png 768w, https:\/\/entsocalberta.ca\/jam2025\/wp-content\/uploads\/2025\/10\/5oct_JAM2025_Schedule_FR-e1759452613830-1536x1146.png 1536w, https:\/\/entsocalberta.ca\/jam2025\/wp-content\/uploads\/2025\/10\/5oct_JAM2025_Schedule_FR-e1759452613830.png 2010w\" sizes=\"auto, (max-width: 1024px) 100vw, 1024px\" \/><\/figure>\n\n\n\n<div class=\"wp-block-buttons is-content-justification-center is-layout-flex wp-container-core-buttons-is-layout-a89b3969 wp-block-buttons-is-layout-flex\">\n<div class=\"wp-block-button\"><a class=\"wp-block-button__link wp-element-button\" href=\"https:\/\/entsocalberta.ca\/jam2025\/wp-content\/uploads\/2025\/10\/JAM2025_Schedule_FR.pdf\" target=\"_blank\" rel=\"noreferrer noopener\">T\u00e9l\u00e9charger l\u2019horaire condens\u00e9<\/a><\/div>\n<\/div>\n\n<\/div><div role=\"tabpanel\" class=\"wp-block-ub-tabbed-content-tab-content-wrap ub-hide\" id=\"ub-tabbed-content-566c26d5-1432-4b22-aadd-2b83d7ea5810-panel-1\" aria-labelledby=\"ub-tabbed-content-566c26d5-1432-4b22-aadd-2b83d7ea5810-tab-1\" tabindex=\"0\">\n\n<figure class=\"wp-block-image aligncenter size-large\"><img loading=\"lazy\" decoding=\"async\" width=\"1024\" height=\"790\" src=\"https:\/\/entsocalberta.ca\/jam2025\/wp-content\/uploads\/2025\/10\/6oct_JAM2025_Schedule_FR-e1759452639599-1024x790.png\" alt=\"\" class=\"wp-image-816\" srcset=\"https:\/\/entsocalberta.ca\/jam2025\/wp-content\/uploads\/2025\/10\/6oct_JAM2025_Schedule_FR-e1759452639599-1024x790.png 1024w, https:\/\/entsocalberta.ca\/jam2025\/wp-content\/uploads\/2025\/10\/6oct_JAM2025_Schedule_FR-e1759452639599-300x231.png 300w, https:\/\/entsocalberta.ca\/jam2025\/wp-content\/uploads\/2025\/10\/6oct_JAM2025_Schedule_FR-e1759452639599-768x592.png 768w, https:\/\/entsocalberta.ca\/jam2025\/wp-content\/uploads\/2025\/10\/6oct_JAM2025_Schedule_FR-e1759452639599-1536x1184.png 1536w, https:\/\/entsocalberta.ca\/jam2025\/wp-content\/uploads\/2025\/10\/6oct_JAM2025_Schedule_FR-e1759452639599.png 2010w\" sizes=\"auto, (max-width: 1024px) 100vw, 1024px\" \/><\/figure>\n\n\n\n<div class=\"wp-block-buttons is-content-justification-center is-layout-flex wp-container-core-buttons-is-layout-a89b3969 wp-block-buttons-is-layout-flex\">\n<div class=\"wp-block-button\"><a class=\"wp-block-button__link wp-element-button\" href=\"https:\/\/entsocalberta.ca\/jam2025\/wp-content\/uploads\/2025\/10\/JAM2025_Schedule_FR.pdf\" target=\"_blank\" rel=\"noreferrer noopener\">T\u00e9l\u00e9charger l\u2019horaire condens\u00e9 (.pdf)<\/a><\/div>\n<\/div>\n\n<\/div><div role=\"tabpanel\" class=\"wp-block-ub-tabbed-content-tab-content-wrap ub-hide\" id=\"ub-tabbed-content-566c26d5-1432-4b22-aadd-2b83d7ea5810-panel-2\" aria-labelledby=\"ub-tabbed-content-566c26d5-1432-4b22-aadd-2b83d7ea5810-tab-2\" tabindex=\"0\">\n\n<figure class=\"wp-block-image aligncenter size-large\"><img loading=\"lazy\" decoding=\"async\" width=\"1024\" height=\"802\" src=\"https:\/\/entsocalberta.ca\/jam2025\/wp-content\/uploads\/2025\/10\/7oct_JAM2025_Schedule_FR-e1759452665918-1024x802.png\" alt=\"\" class=\"wp-image-817\" srcset=\"https:\/\/entsocalberta.ca\/jam2025\/wp-content\/uploads\/2025\/10\/7oct_JAM2025_Schedule_FR-e1759452665918-1024x802.png 1024w, https:\/\/entsocalberta.ca\/jam2025\/wp-content\/uploads\/2025\/10\/7oct_JAM2025_Schedule_FR-e1759452665918-300x235.png 300w, https:\/\/entsocalberta.ca\/jam2025\/wp-content\/uploads\/2025\/10\/7oct_JAM2025_Schedule_FR-e1759452665918-768x602.png 768w, https:\/\/entsocalberta.ca\/jam2025\/wp-content\/uploads\/2025\/10\/7oct_JAM2025_Schedule_FR-e1759452665918-1536x1204.png 1536w, https:\/\/entsocalberta.ca\/jam2025\/wp-content\/uploads\/2025\/10\/7oct_JAM2025_Schedule_FR-e1759452665918.png 2010w\" sizes=\"auto, (max-width: 1024px) 100vw, 1024px\" \/><\/figure>\n\n\n\n<div class=\"wp-block-buttons is-content-justification-center is-layout-flex wp-container-core-buttons-is-layout-a89b3969 wp-block-buttons-is-layout-flex\">\n<div class=\"wp-block-button\"><a class=\"wp-block-button__link wp-element-button\" href=\"https:\/\/entsocalberta.ca\/jam2025\/wp-content\/uploads\/2025\/10\/JAM2025_Schedule_FR.pdf\" target=\"_blank\" rel=\"noreferrer noopener\">T\u00e9l\u00e9charger l\u2019horaire condens\u00e9 (.pdf)<\/a><\/div>\n<\/div>\n\n<\/div><div role=\"tabpanel\" class=\"wp-block-ub-tabbed-content-tab-content-wrap ub-hide\" id=\"ub-tabbed-content-566c26d5-1432-4b22-aadd-2b83d7ea5810-panel-3\" aria-labelledby=\"ub-tabbed-content-566c26d5-1432-4b22-aadd-2b83d7ea5810-tab-3\" tabindex=\"0\">\n\n<figure class=\"wp-block-image aligncenter size-large\"><img loading=\"lazy\" decoding=\"async\" width=\"1024\" height=\"346\" src=\"https:\/\/entsocalberta.ca\/jam2025\/wp-content\/uploads\/2025\/10\/8oct_JAM2025_Schedule_FR-e1759452593944-1024x346.png\" alt=\"\" class=\"wp-image-814\" srcset=\"https:\/\/entsocalberta.ca\/jam2025\/wp-content\/uploads\/2025\/10\/8oct_JAM2025_Schedule_FR-e1759452593944-1024x346.png 1024w, https:\/\/entsocalberta.ca\/jam2025\/wp-content\/uploads\/2025\/10\/8oct_JAM2025_Schedule_FR-e1759452593944-300x101.png 300w, https:\/\/entsocalberta.ca\/jam2025\/wp-content\/uploads\/2025\/10\/8oct_JAM2025_Schedule_FR-e1759452593944-768x260.png 768w, https:\/\/entsocalberta.ca\/jam2025\/wp-content\/uploads\/2025\/10\/8oct_JAM2025_Schedule_FR-e1759452593944-1536x520.png 1536w, https:\/\/entsocalberta.ca\/jam2025\/wp-content\/uploads\/2025\/10\/8oct_JAM2025_Schedule_FR-e1759452593944.png 2010w\" sizes=\"auto, (max-width: 1024px) 100vw, 1024px\" \/><\/figure>\n\n\n\n<div class=\"wp-block-buttons is-content-justification-center is-layout-flex wp-container-core-buttons-is-layout-a89b3969 wp-block-buttons-is-layout-flex\">\n<div class=\"wp-block-button\"><a class=\"wp-block-button__link wp-element-button\" href=\"https:\/\/entsocalberta.ca\/jam2025\/wp-content\/uploads\/2025\/10\/JAM2025_Schedule_FR.pdf\" target=\"_blank\" rel=\"noreferrer noopener\">T\u00e9l\u00e9charger l\u2019horaire condens\u00e9 (.pdf)<\/a><\/div>\n<\/div>\n\n<\/div><\/div>\n\t\t<\/div>\n\n<div class=\"wp-block-ub-divider ub-divider-orientation-horizontal\" id=\"ub_divider_62690e85-3a4f-4ed4-867f-d6cc5e138f16\"><hr class=\"ub_divider\" style=\"border-top: 2px solid #ccc;margin-top: 2px; margin-bottom: 2px; width: 100%; \"><\/div>\n\n\n<h2 class=\"wp-block-heading has-text-align-center has-large-font-size\"><strong>\u00c9v\u00e9nements et activit\u00e9s<\/strong><\/h2>\n\n\n<div class=\"wp-block-ub-content-toggle wp-block-ub-content-toggle-block\" id=\"ub-content-toggle-block-4d2965fd-edb3-4a83-a3f1-399fe91dbbda\" data-mobilecollapse=\"true\" data-desktopcollapse=\"true\" data-preventcollapse=\"false\" data-showonlyone=\"false\">\n<div class=\"wp-block-ub-content-toggle-accordion\" style=\"border-color: #a8d5ba;\" id=\"ub-content-toggle-panel-block-\">\n\t\t\t<div class=\"wp-block-ub-content-toggle-accordion-title-wrap\" style=\"background-color: #a8d5ba;\" aria-controls=\"ub-content-toggle-panel-0-4d2965fd-edb3-4a83-a3f1-399fe91dbbda\" tabindex=\"0\">\n\t\t\t<p class=\"wp-block-ub-content-toggle-accordion-title ub-content-toggle-title-4d2965fd-edb3-4a83-a3f1-399fe91dbbda\" style=\"color: #000000; \"><strong>Visite des collections d\u2019invert\u00e9br\u00e9s de l\u2019Universit\u00e9 de Calgary<\/strong><\/p>\n\t\t\t<div class=\"wp-block-ub-content-toggle-accordion-toggle-wrap right\" style=\"color: #000000;\"><span class=\"wp-block-ub-content-toggle-accordion-state-indicator wp-block-ub-math-plus\"><\/span><\/div>\n\t\t<\/div>\n\t\t\t<div role=\"region\" aria-expanded=\"false\" class=\"wp-block-ub-content-toggle-accordion-content-wrap ub-hide\" id=\"ub-content-toggle-panel-0-4d2965fd-edb3-4a83-a3f1-399fe91dbbda\">\n\n<p>WNous organiserons des visites des <a href=\"https:\/\/science.ucalgary.ca\/about\/faculty-office\/collections-room\/invertebrate\">collections d&#8217;invert\u00e9br\u00e9s de l&#8217;Universit\u00e9 de Calgary<\/a> le dimanche 5 octobre, de 9 h \u00e0 12 h. Venez d\u00e9couvrir notre impressionnante collection de 1,75 million de sp\u00e9cimens d&#8217;insectes! La collection comprend des sp\u00e9cimens provenant du monde entier, avec une pr\u00e9dominance de sp\u00e9cimens provenant de la r\u00e9gion de Calgary, de la vall\u00e9e de Kananaskis, des lacs Waterton, des parcs nationaux Yoho et Kootenay. Les professeures Jessica Theodor (directrice des mus\u00e9es) et Jackie Lebenzon (membre du comit\u00e9 organisateur local) de l&#8217;Universit\u00e9 de Calgary vous fera d\u00e9couvrir nos salles modestes mais riches en tr\u00e9sors afin de vous stimuler pour la conf\u00e9rence \u00e0 venir et vous donner l&#8217;occasion de rencontrer d&#8217;autres entomologistes.<\/p>\n\n\n\n<p>Il y a 15 places disponibles par cr\u00e9neau horaire et les places seront attribu\u00e9es selon le principe du premier arriv\u00e9, premier servi. Nous contacterons les 15 premi\u00e8res personnes inscrites pour chaque cr\u00e9neau horaire afin de coordonner les d\u00e9tails \u00e0 l&#8217;approche de la date. Veuillez vous inscrire via ce <a href=\"https:\/\/forms.gle\/1PS4m6f9NxtmZEUa7\">lien Google Forms.<\/a><\/p>\n\n\n\n<p>Les collections sont conserv\u00e9es dans le <a href=\"https:\/\/ucalgary-gs.maps.arcgis.com\/apps\/webappviewer\/index.html?id=2e1817b41cb64815a50f617593aabf4e\">B\u00e2timent des sciences biologiques<\/a> (BI), situ\u00e9 au 2500 University Dr NW. Depuis le centre des congr\u00e8s, le trajet dure environ 23 minutes en voiture ou environ 1 heure en train. Un stationnement payant est disponible \u00e0 proximit\u00e9, dans les lots 25 ou 21. Veuillez pr\u00e9voir de vous rendre \u00e0 l&#8217;entr\u00e9e sud du BI quelques minutes avant l&#8217;heure pr\u00e9vue pour l&#8217;excursion.<\/p>\n\n\n\n<div class=\"wp-block-buttons is-content-justification-center is-layout-flex wp-container-core-buttons-is-layout-a89b3969 wp-block-buttons-is-layout-flex\">\n<div class=\"wp-block-button\"><a class=\"wp-block-button__link has-text-align-center wp-element-button\" href=\"https:\/\/docs.google.com\/forms\/d\/e\/1FAIpQLSc7hxRiSVsJqPNFwhSRXo74fcRLHcNOk98SHLTh2b_hX-0olQ\/viewform\"><strong>INSCRIVEZ-VOUS ICI!<\/strong><\/a><\/div>\n<\/div>\n\n<\/div>\n\t\t<\/div>\n<\/div>\n\n<div class=\"wp-block-ub-content-toggle wp-block-ub-content-toggle-block\" id=\"ub-content-toggle-block-a0d624d9-d05b-4fc0-b775-32026d7db7fe\" data-mobilecollapse=\"true\" data-desktopcollapse=\"true\" data-preventcollapse=\"false\" data-showonlyone=\"false\">\n<div class=\"wp-block-ub-content-toggle-accordion\" style=\"border-color: #a8d5ba;\" id=\"ub-content-toggle-panel-block-\">\n\t\t\t<div class=\"wp-block-ub-content-toggle-accordion-title-wrap\" style=\"background-color: #a8d5ba;\" aria-controls=\"ub-content-toggle-panel-0-a0d624d9-d05b-4fc0-b775-32026d7db7fe\" tabindex=\"0\">\n\t\t\t<p class=\"wp-block-ub-content-toggle-accordion-title ub-content-toggle-title-a0d624d9-d05b-4fc0-b775-32026d7db7fe\" style=\"color: #000000; \"><strong>Cocktail des \u00e9tudiant\u00b7e\u00b7s et des post-docs au Tool Shed BBQ &amp; Beer (6 octobre, 19 h \u2013 22 h)<\/strong><\/p>\n\t\t\t<div class=\"wp-block-ub-content-toggle-accordion-toggle-wrap right\" style=\"color: #000000;\"><span class=\"wp-block-ub-content-toggle-accordion-state-indicator wp-block-ub-math-plus\"><\/span><\/div>\n\t\t<\/div>\n\t\t\t<div role=\"region\" aria-expanded=\"false\" class=\"wp-block-ub-content-toggle-accordion-content-wrap ub-hide\" id=\"ub-content-toggle-panel-0-a0d624d9-d05b-4fc0-b775-32026d7db7fe\">\n\n<p>Nous nous rassemblerons au Toolshed BBQ &amp; Beer (801 30e Rue NE #9, Calgary, AB T2A 5L7), \u00e0 quelques minutes de marche du lieu de la conf\u00e9rence, pour une soir\u00e9e de bonne bouffe, de jeux et de rencontres.<\/p>\n\n\n\n<p>Un g\u00e9n\u00e9reux buffet vous attend : table de grignotines, macaroni au fromage, mini-sandwichs au poulet, ailes de poulet, ainsi qu\u2019un bar \u00e0 tacos avec porc effiloch\u00e9 et jacquier \u2013 alors arrivez l\u2019estomac vide ! Le bar offrira des boissons alcoolis\u00e9es et non alcoolis\u00e9es \u00e0 acheter.<\/p>\n\n\n\n<p>La soir\u00e9e d\u00e9bute \u00e0 19 h dans la salle arri\u00e8re et se poursuivra jusqu\u2019\u00e0 22 h. Entre deux bouch\u00e9es, joignez-vous \u00e0 une partie de Puissance 4, fl\u00e9chettes, jeu de poches ou Jenga g\u00e9ant \u2013 et ne manquez pas votre chance de gagner des prix de pr\u00e9sence !<\/p>\n\n<\/div>\n\t\t<\/div>\n<\/div>","protected":false},"excerpt":{"rendered":"<p>Horaire Horaire en bref \u00c9v\u00e9nements et activit\u00e9s<\/p>\n","protected":false},"author":1,"featured_media":0,"parent":70,"menu_order":0,"comment_status":"closed","ping_status":"closed","template":"wp-custom-template-french","meta":{"ub_ctt_via":"","footnotes":""},"class_list":["post-681","page","type-page","status-publish","hentry"],"featured_image_src":null,"_links":{"self":[{"href":"https:\/\/entsocalberta.ca\/jam2025\/wp-json\/wp\/v2\/pages\/681","targetHints":{"allow":["GET"]}}],"collection":[{"href":"https:\/\/entsocalberta.ca\/jam2025\/wp-json\/wp\/v2\/pages"}],"about":[{"href":"https:\/\/entsocalberta.ca\/jam2025\/wp-json\/wp\/v2\/types\/page"}],"author":[{"embeddable":true,"href":"https:\/\/entsocalberta.ca\/jam2025\/wp-json\/wp\/v2\/users\/1"}],"replies":[{"embeddable":true,"href":"https:\/\/entsocalberta.ca\/jam2025\/wp-json\/wp\/v2\/comments?post=681"}],"version-history":[{"count":18,"href":"https:\/\/entsocalberta.ca\/jam2025\/wp-json\/wp\/v2\/pages\/681\/revisions"}],"predecessor-version":[{"id":868,"href":"https:\/\/entsocalberta.ca\/jam2025\/wp-json\/wp\/v2\/pages\/681\/revisions\/868"}],"up":[{"embeddable":true,"href":"https:\/\/entsocalberta.ca\/jam2025\/wp-json\/wp\/v2\/pages\/70"}],"wp:attachment":[{"href":"https:\/\/entsocalberta.ca\/jam2025\/wp-json\/wp\/v2\/media?parent=681"}],"curies":[{"name":"wp","href":"https:\/\/api.w.org\/{rel}","templated":true}]}}