{"id":68,"date":"2024-03-06T23:07:51","date_gmt":"2024-03-06T23:07:51","guid":{"rendered":"https:\/\/entsocalberta.ca\/jam2025\/?page_id=68"},"modified":"2025-07-03T17:35:20","modified_gmt":"2025-07-03T17:35:20","slug":"hebergements","status":"publish","type":"page","link":"https:\/\/entsocalberta.ca\/jam2025\/fr\/hebergements\/","title":{"rendered":"H\u00e9bergements"},"content":{"rendered":"\n<div class=\"wp-block-columns is-layout-flex wp-container-core-columns-is-layout-28f84493 wp-block-columns-is-layout-flex\">\n<div class=\"wp-block-column is-layout-flow wp-block-column-is-layout-flow\">\n<p><strong>Lieu de la conf\u00e9rence :<\/strong><\/p>\n\n\n\n<p>Best Western Premier Calgary Plaza Hotel and Conference Centre<\/p>\n\n\n\n<p><a href=\"https:\/\/www.calgaryplaza.com\">https:\/\/www.calgaryplaza.com<\/a><\/p>\n\n\n\n<p>1316 \u2013 33rd Street NE<\/p>\n\n\n\n<p>Calgary, Alberta, Canada T2A 6B6<\/p>\n\n\n\n<ul class=\"wp-block-list\">\n<li>T\u00e9l\u00e9phone : 403-248-8888 <\/li>\n\n\n\n<li>Num\u00e9ro sans frais : 1-800-661-1464 <\/li>\n\n\n\n<li>Fax : 403-235-4548<\/li>\n<\/ul>\n\n\n\n<figure class=\"wp-block-image aligncenter size-full is-resized\"><img loading=\"lazy\" decoding=\"async\" width=\"406\" height=\"300\" src=\"https:\/\/entsocalberta.ca\/jam2025\/wp-content\/uploads\/2025\/02\/calgary-plaza-hotel.jpg\" alt=\"\" class=\"wp-image-366\" style=\"width:406px;height:auto\" srcset=\"https:\/\/entsocalberta.ca\/jam2025\/wp-content\/uploads\/2025\/02\/calgary-plaza-hotel.jpg 406w, https:\/\/entsocalberta.ca\/jam2025\/wp-content\/uploads\/2025\/02\/calgary-plaza-hotel-300x222.jpg 300w\" sizes=\"auto, (max-width: 406px) 100vw, 406px\" \/><\/figure>\n\n\n\n<p><span style=\"text-decoration: underline;\">Informations sur l&#8217;h\u00f4tel :<\/span><\/p>\n\n\n\n<ul class=\"wp-block-list\">\n<li>Heure d&#8217;enregistrement: 3:00 PM, Heure de check-out: 11:00 AM<\/li>\n\n\n\n<li>Le service de navette pour l&#8217;a\u00e9roport est disponible au tarif de $5.00 par personne aller-retour. Veuillez appeler directement l&#8217;h\u00f4tel pour r\u00e9server.<\/li>\n\n\n\n<li>Internet gratuit dans toutes les chambres.<\/li>\n\n\n\n<li>Restaurant et salon sur place, service en chambre 24h\/24.<\/li>\n<\/ul>\n\n\n\n<p>Restauration :<\/p>\n\n\n\n<ul class=\"wp-block-list\">\n<li>Barrington\u2019s Restaurant propose des menus \u00e0 la carte pour le petit-d\u00e9jeuner, le d\u00e9jeuner et le d\u00eener tous les jours.<\/li>\n\n\n\n<li>Horaires d&#8217;ouverture: \n<ul class=\"wp-block-list\">\n<li>Dimanche \u2013 Jeudi \u2013 6:30am \u2013 10pm<\/li>\n\n\n\n<li>Vendredi &amp; Samedi 6:30am \u2013 11pm<\/li>\n<\/ul>\n<\/li>\n<\/ul>\n<\/div>\n\n\n\n<div class=\"wp-block-column is-layout-flow wp-block-column-is-layout-flow\">\n<p><strong>Tarifs des chambres d&#8217;h\u00f4tel :<\/strong><\/p>\n\n\n\n<p>Vous pouvez d\u00e9j\u00e0 r\u00e9server votre chambre d&#8217;h\u00f4tel!<\/p>\n\n\n\n<p>Queen: $144.00; taxes &amp; fees (12.7%); Total: $162.29\/nuit<\/p>\n\n\n\n<p><strong>Lorsque vous r\u00e9servez votre chambre, veuillez suivre l&#8217;une des options suivantes.<\/strong><\/p>\n\n\n\n<ul class=\"wp-block-list\">\n<li><strong><span style=\"text-decoration: underline;\">Appeler<\/span><\/strong> : l&#8217;h\u00f4tel directement au 1-403-248-8888 ou num\u00e9ro sans frais au 1-800-661-1464<\/li>\n\n\n\n<li><strong><u>Email :<\/u><\/strong> votre demande de r\u00e9servation \u00e0 <a>res@calgaryplaza.com<\/a><\/li>\n<\/ul>\n\n\n\n<p>*Veuillez vous assurer d&#8217;avoir votre carte de cr\u00e9dit pr\u00eate et de mentionner l&#8217;un des termes suivants.<\/p>\n\n\n\n<p class=\"has-text-align-center\"><strong>Nom du groupe : ESC\/ESAB Joint Annual Meeting<\/strong><\/p>\n\n\n\n<p class=\"has-text-align-center\">OU<\/p>\n\n\n\n<p class=\"has-text-align-center\"><strong>Block ID: 281210<\/strong><\/p>\n<\/div>\n<\/div>\n","protected":false},"excerpt":{"rendered":"<p>Lieu de la conf\u00e9rence : Best Western Premier Calgary Plaza Hotel and Conference Centre https:\/\/www.calgaryplaza.com 1316 \u2013 33rd Street NE Calgary, Alberta, Canada T2A 6B6 Informations sur l&#8217;h\u00f4tel : Restauration : Tarifs des chambres d&#8217;h\u00f4tel : Vous pouvez d\u00e9j\u00e0 r\u00e9server votre chambre d&#8217;h\u00f4tel! Queen: $144.00; taxes &amp; fees (12.7%); Total: $162.29\/nuit Lorsque vous r\u00e9servez votre [&hellip;]<\/p>\n","protected":false},"author":1,"featured_media":0,"parent":41,"menu_order":0,"comment_status":"closed","ping_status":"closed","template":"wp-custom-template-french","meta":{"ub_ctt_via":"","footnotes":""},"class_list":["post-68","page","type-page","status-publish","hentry"],"featured_image_src":null,"_links":{"self":[{"href":"https:\/\/entsocalberta.ca\/jam2025\/wp-json\/wp\/v2\/pages\/68","targetHints":{"allow":["GET"]}}],"collection":[{"href":"https:\/\/entsocalberta.ca\/jam2025\/wp-json\/wp\/v2\/pages"}],"about":[{"href":"https:\/\/entsocalberta.ca\/jam2025\/wp-json\/wp\/v2\/types\/page"}],"author":[{"embeddable":true,"href":"https:\/\/entsocalberta.ca\/jam2025\/wp-json\/wp\/v2\/users\/1"}],"replies":[{"embeddable":true,"href":"https:\/\/entsocalberta.ca\/jam2025\/wp-json\/wp\/v2\/comments?post=68"}],"version-history":[{"count":10,"href":"https:\/\/entsocalberta.ca\/jam2025\/wp-json\/wp\/v2\/pages\/68\/revisions"}],"predecessor-version":[{"id":634,"href":"https:\/\/entsocalberta.ca\/jam2025\/wp-json\/wp\/v2\/pages\/68\/revisions\/634"}],"up":[{"embeddable":true,"href":"https:\/\/entsocalberta.ca\/jam2025\/wp-json\/wp\/v2\/pages\/41"}],"wp:attachment":[{"href":"https:\/\/entsocalberta.ca\/jam2025\/wp-json\/wp\/v2\/media?parent=68"}],"curies":[{"name":"wp","href":"https:\/\/api.w.org\/{rel}","templated":true}]}}