{"id":55,"date":"2024-03-06T22:56:33","date_gmt":"2024-03-06T22:56:33","guid":{"rendered":"https:\/\/entsocalberta.ca\/jam2025\/?page_id=55"},"modified":"2025-10-04T02:20:19","modified_gmt":"2025-10-04T02:20:19","slug":"inscription-et-resumes","status":"publish","type":"page","link":"https:\/\/entsocalberta.ca\/jam2025\/fr\/inscription-et-resumes\/","title":{"rendered":"Inscription et R\u00e9sum\u00e9s"},"content":{"rendered":"\n<div class=\"wp-block-columns is-layout-flex wp-container-core-columns-is-layout-28f84493 wp-block-columns-is-layout-flex\">\n<div class=\"wp-block-column is-vertically-aligned-center has-base-background-color has-background is-layout-flow wp-block-column-is-layout-flow\">\n<div class=\"wp-block-columns is-layout-flex wp-container-core-columns-is-layout-28f84493 wp-block-columns-is-layout-flex\">\n<div class=\"wp-block-column is-vertically-aligned-center is-layout-flow wp-block-column-is-layout-flow\">\n<h2 class=\"wp-block-heading has-text-align-center has-large-font-size\"><strong>Inscription<\/strong><\/h2>\n<\/div>\n<\/div>\n\n\n\n<hr class=\"wp-block-separator aligncenter has-alpha-channel-opacity\" style=\"margin-top:var(--wp--preset--spacing--20);margin-bottom:var(--wp--preset--spacing--20)\"\/>\n\n\n\n<p class=\"has-text-align-center has-small-font-size\"><strong>Frais d&#8217;inscription<\/strong> :<\/p>\n\n\n\n<p>Si vous \u00eates membre de la SEC, vous devez vous connecter \u00e0 votre compte membre de la SEC pour voir et obtenir le tarif membre. Si vous \u00eates membre de la SEAB, mais pas de la SEC, s\u00e9lectionnez le billet Non-membre, puis, \u00e0 l&#8217;\u00e9cran de paiement, utilisez le code de r\u00e9duction pour les membres de la SEAB qui vous a \u00e9t\u00e9 envoy\u00e9 par courriel par la SEAB afin de b\u00e9n\u00e9ficier du tarif membre. Le tarif pr\u00e9f\u00e9rentiel de pr\u00e9inscription est offert jusqu\u2019au 31 ao\u00fbt 2025.<\/p>\n\n\n\n<figure class=\"wp-block-table\"><table class=\"has-base-background-color has-background has-fixed-layout\"><tbody><tr><td><\/td><td class=\"has-text-align-center\" data-align=\"center\"><strong>Early Bird<\/strong><\/td><td class=\"has-text-align-center\" data-align=\"center\"><strong>Regular Registration&nbsp;<\/strong><\/td><td class=\"has-text-align-center\" data-align=\"center\"><strong>Late registration<\/strong><\/td><td class=\"has-text-align-center\" data-align=\"center\"><strong>One Day Registration<\/strong><\/td><\/tr><tr><td>Student<\/td><td class=\"has-text-align-center\" data-align=\"center\">$295<\/td><td class=\"has-text-align-center\" data-align=\"center\">$395<\/td><td class=\"has-text-align-center\" data-align=\"center\">$550<\/td><td class=\"has-text-align-center\" data-align=\"center\">All attendees: $300<\/td><\/tr><tr><td>Entomology Enthusiasts<\/td><td class=\"has-text-align-center\" data-align=\"center\">$295<\/td><td class=\"has-text-align-center\" data-align=\"center\">$450<\/td><td class=\"has-text-align-center\" data-align=\"center\">$550<\/td><td class=\"has-text-align-center\" data-align=\"center\"><\/td><\/tr><tr><td>Early Career Researcher\/Early Professional<\/td><td class=\"has-text-align-center\" data-align=\"center\">$395<\/td><td class=\"has-text-align-center\" data-align=\"center\">$450<\/td><td class=\"has-text-align-center\" data-align=\"center\">$595<\/td><td class=\"has-text-align-center\" data-align=\"center\"><\/td><\/tr><tr><td>Emeritus &amp; Honorary<\/td><td class=\"has-text-align-center\" data-align=\"center\">$395<\/td><td class=\"has-text-align-center\" data-align=\"center\">$495<\/td><td class=\"has-text-align-center\" data-align=\"center\">$595<\/td><td class=\"has-text-align-center\" data-align=\"center\"><\/td><\/tr><tr><td>Regular<\/td><td class=\"has-text-align-center\" data-align=\"center\">$495<\/td><td class=\"has-text-align-center\" data-align=\"center\">$595<\/td><td class=\"has-text-align-center\" data-align=\"center\">$700<\/td><td class=\"has-text-align-center\" data-align=\"center\"><\/td><\/tr><tr><td>Non Member<\/td><td class=\"has-text-align-center\" data-align=\"center\">$595<\/td><td class=\"has-text-align-center\" data-align=\"center\">$750<\/td><td class=\"has-text-align-center\" data-align=\"center\">$800<\/td><td class=\"has-text-align-center\" data-align=\"center\"><\/td><\/tr><\/tbody><\/table><figcaption class=\"wp-element-caption\">Tous les prix sont sujets \u00e0 une taxe de 5 %.&nbsp;Note&nbsp;: L\u2019inscription peut \u00eatre annul\u00e9e jusqu\u2019au 20 septembre 2025, avec un remboursement complet moins des frais d\u2019administration de 50$. Les annulations apr\u00e8s le 20 septembre ne seront pas rembours\u00e9es.<\/figcaption><\/figure>\n\n\n\n<p><strong>Remarque<\/strong> : Toutes les inscriptions compl\u00e8tes \u00e0 la conf\u00e9rence comprennent un billet pour le banquet. Des billets suppl\u00e9mentaires peuvent \u00eatre achet\u00e9s lors de l&#8217;inscription au co\u00fbt de $100 + taxes.<\/p>\n\n\n\n<p><strong>Remarque<\/strong> : Un lien vers le portail de soumission des r\u00e9sum\u00e9s sera disponible une fois l&#8217;inscription compl\u00e9t\u00e9e. Si vous soumettez un r\u00e9sum\u00e9, veuillez consulter la page de confirmation d&#8217;inscription pour obtenir les instructions.<\/p>\n\n\n\n<hr class=\"wp-block-separator aligncenter has-alpha-channel-opacity\" style=\"margin-top:var(--wp--preset--spacing--20);margin-bottom:var(--wp--preset--spacing--20)\"\/>\n\n\n\n<h2 class=\"wp-block-heading has-text-align-center has-medium-font-size\" style=\"padding-top:var(--wp--preset--spacing--20);padding-bottom:var(--wp--preset--spacing--20)\"><strong>La p\u00e9riode de soumission des r\u00e9sum\u00e9s est termin\u00e9e<\/strong><\/h2>\n\n\n\n<div class=\"wp-block-media-text is-stacked-on-mobile\" style=\"grid-template-columns:33% auto\"><figure class=\"wp-block-media-text__media\"><img loading=\"lazy\" decoding=\"async\" width=\"660\" height=\"1024\" src=\"https:\/\/entsocalberta.ca\/jam2025\/wp-content\/uploads\/2024\/11\/ESCSEC-ESAB-JAM-2025-Logo_Colour_small-660x1024.png\" alt=\"\" class=\"wp-image-244 size-full\" srcset=\"https:\/\/entsocalberta.ca\/jam2025\/wp-content\/uploads\/2024\/11\/ESCSEC-ESAB-JAM-2025-Logo_Colour_small-660x1024.png 660w, https:\/\/entsocalberta.ca\/jam2025\/wp-content\/uploads\/2024\/11\/ESCSEC-ESAB-JAM-2025-Logo_Colour_small-193x300.png 193w, https:\/\/entsocalberta.ca\/jam2025\/wp-content\/uploads\/2024\/11\/ESCSEC-ESAB-JAM-2025-Logo_Colour_small-768x1192.png 768w, https:\/\/entsocalberta.ca\/jam2025\/wp-content\/uploads\/2024\/11\/ESCSEC-ESAB-JAM-2025-Logo_Colour_small-990x1536.png 990w, https:\/\/entsocalberta.ca\/jam2025\/wp-content\/uploads\/2024\/11\/ESCSEC-ESAB-JAM-2025-Logo_Colour_small-1320x2048.png 1320w\" sizes=\"auto, (max-width: 660px) 100vw, 660px\" \/><\/figure><div class=\"wp-block-media-text__content\">\n<p><strong>Information g\u00e9n\u00e9rale :<\/strong>&nbsp;<a href=\"https:\/\/strausseventandassociationmanagement.cmail20.com\/t\/i-l-fuyhjo-itnduthhl-y\/\" target=\"_blank\" rel=\"noreferrer noopener\">Pour soumettre un r\u00e9sum\u00e9, vous devez d&#8217;abord vous inscrire \u00e0 la r\u00e9union annuelle conjointe&nbsp;ICI<\/a>. Apr\u00e8s votre inscription, vous recevrez un courriel contenant un lien vers le site de soumission des r\u00e9sum\u00e9s. Vous n&#8217;\u00eates pas tenu de soumettre votre r\u00e9sum\u00e9 imm\u00e9diatement; le lien sera valide jusqu&#8217;\u00e0 la date limite de soumission. Vous ne pouvez soumettre qu&#8217;un seul r\u00e9sum\u00e9 que vous pr\u00e9senterez vous-m\u00eame, mais vous pouvez contribuer \u00e0 d&#8217;autres r\u00e9sum\u00e9s si vous ne les pr\u00e9sentez pas vous-m\u00eame.<\/p>\n\n\n\n<p>Veuillez pr\u00e9parer le titre, le r\u00e9sum\u00e9 (maximum 170 mots) et la liste des auteur(e)s et de leurs affiliations avant de commencer le processus de soumission en ligne. <strong><span style=\"text-decoration: underline;\">Veuillez soumettre votre r\u00e9sum\u00e9 au format Word ou PDF, en suivant le mod\u00e8le de r\u00e9sum\u00e9 ci-dessous (cliquez sur le &#8216;+&#8217; ci-dessous pour afficher l&#8217;exemple de r\u00e9sum\u00e9).<\/span><\/strong> Les r\u00e9sum\u00e9s peuvent \u00eatre r\u00e9dig\u00e9s dans l&#8217;une ou l&#8217;autre des langues officielles et seront inclus dans le programme de la conf\u00e9rence dans cette langue. Sur la page de t\u00e9l\u00e9chargement des r\u00e9sum\u00e9s, vous devrez indiquer si le r\u00e9sum\u00e9 concerne une conf\u00e9rence ou une affiche, et identifier des mots-cl\u00e9s pour le sujet de la contribution. Si vous soumettez un r\u00e9sum\u00e9 pour une conf\u00e9rence, vous aurez \u00e9galement la possibilit\u00e9 d&#8217;indiquer si vous pensez que votre pr\u00e9sentation pourrait \u00eatre incluse dans une session de communications associ\u00e9e \u00e0 l&#8217;un des symposiums. Les descriptions des symposiums sont disponibles <a href=\"https:\/\/entsocalberta.ca\/jam2025\/fr\/programme\/symposium\/\">ICI<\/a>.<\/p>\n<\/div><\/div>\n\n\n<div class=\"wp-block-ub-content-toggle wp-block-ub-content-toggle-block\" id=\"ub-content-toggle-block-60a8cadc-e1b9-473c-a16a-8fb985c8e1bc\" data-mobilecollapse=\"true\" data-desktopcollapse=\"true\" data-preventcollapse=\"false\" data-showonlyone=\"false\">\n<div class=\"wp-block-ub-content-toggle-accordion\" style=\"border-color: #a8d5ba;\" id=\"ub-content-toggle-panel-block-906410e2-e623-4145-987f-339eb3823fd3\">\n\t\t\t<div class=\"wp-block-ub-content-toggle-accordion-title-wrap\" style=\"background-color: #a8d5ba;\" aria-controls=\"ub-content-toggle-panel-0-60a8cadc-e1b9-473c-a16a-8fb985c8e1bc\" tabindex=\"0\">\n\t\t\t<p class=\"wp-block-ub-content-toggle-accordion-title ub-content-toggle-title-60a8cadc-e1b9-473c-a16a-8fb985c8e1bc\" style=\"color: #000000; \"><strong>Exemple de r\u00e9sum\u00e9<\/strong> :<\/p>\n\t\t\t<div class=\"wp-block-ub-content-toggle-accordion-toggle-wrap right\" style=\"color: #000000;\"><span class=\"wp-block-ub-content-toggle-accordion-state-indicator wp-block-ub-math-plus\"><\/span><\/div>\n\t\t<\/div>\n\t\t\t<div role=\"region\" aria-expanded=\"false\" class=\"wp-block-ub-content-toggle-accordion-content-wrap ub-hide\" id=\"ub-content-toggle-panel-0-60a8cadc-e1b9-473c-a16a-8fb985c8e1bc\">\n\n<p><span style=\"text-decoration: underline;\">Le nom de la personne qui pr\u00e9sente la communication doit \u00eatre en gras, et l&#8217;adresse courriel d&#8217;au moins la personne qui pr\u00e9sente la communication doit \u00eatre incluse.<\/span><\/p>\n\n\n\n<div style=\"height:25px\" aria-hidden=\"true\" class=\"wp-block-spacer\"><\/div>\n\n\n\n<p>I\u2019ve got you under my skin: Morphologically reduced subdermal mites (Astigmata: Hypoderatidae) infesting gannets in Atlantic Canada.<\/p>\n\n\n\n<p><strong>Heather Proctor<\/strong>\u00a0(1), Pierre-Yves Daoust (2), Nicolas Decelles (3).<\/p>\n\n\n\n<p>1. University of Alberta,\u00a0<a href=\"mailto:hproctor@ualberta.ca\">hproctor@ualberta.ca<\/a>,\u00a02. University of Prince Edward Island, 3. McGill University<\/p>\n\n\n\n<p>Deutonymphs of the mite family Hypoderatidae are subdermal parasites of vertebrates, primarily birds. They are highly morphologically reduced and resemble grains of rice. When known, adults and other juvenile stages (larva, tritonymph) of hypoderatids occupy the nests of their hosts. Here we report the presence of deutonymphs of <em>Neottialges caparti <\/em>Fain in the subcuticular tissues of the Northern Gannet (<em>Morus bassanus<\/em> (L.)) from Atlantic Canadian waters. We observed mites in 39% of 90 birds whose skin samples were examined microscopically. Our observations represent both the first record of <em>N. caparti <\/em>in Northern Gannets from the western North Atlantic region and the second report of <em>N. caparti<\/em> since its initial description in 1967 from two Northern Gannets in Belgium. Adults and juvenile stages other than deutonymphs are yet to be observed.<\/p>\n\n<\/div>\n\t\t<\/div>\n<\/div>\n\n\n<p><strong>Pour les conf\u00e9rences invit\u00e9es des symposiums :<\/strong>&nbsp;Si vous \u00eates invit\u00e9 \u00e0 donner une conf\u00e9rence dans le cadre d&#8217;un symposium, vous devez tout de m\u00eame vous inscrire, mais vous pouvez soumettre votre r\u00e9sum\u00e9 en ligne ou l&#8217;envoyer&nbsp;aux responsables&nbsp;de votre symposium. Si vous soumettez votre r\u00e9sum\u00e9 en ligne, veuillez \u00e9galement l&#8217;envoyer aux personnes responsables de votre symposium, car cela les aidera \u00e0 d\u00e9terminer l&#8217;ordre des pr\u00e9sentations dans le cadre du symposium.&nbsp;<\/p>\n\n\n\n<p><strong>Pour la communaut\u00e9 \u00e9tudiante :<\/strong>&nbsp;La communaut\u00e9 \u00e9tudiante des cycles sup\u00e9rieurs est invit\u00e9e \u00e0 poser sa candidature pour le Prix d&#8217;excellence en recherche des cycles sup\u00e9rieurs (anciennement appel\u00e9 \u00ab Vitrine des \u00e9tudes sup\u00e9rieures \u00bb). Ce prix vise \u00e0 offrir aux membres de la communaut\u00e9 \u00e9tudiante des cycles sup\u00e9rieurs qui sont sur le point d&#8217;obtenir leur dipl\u00f4me une occasion prestigieuse de pr\u00e9senter un aper\u00e7u plus approfondi de leur th\u00e8se. En plus de disposer de plus de temps pour faire leur pr\u00e9sentation orale, les r\u00e9cipiendaires recevront 500$ et le prix Ed Becker pour la participation \u00e0 la r\u00e9union annuelle conjointe, qui les aidera \u00e0 couvrir leurs frais de d\u00e9placement. Les personnes int\u00e9ress\u00e9es doivent s\u00e9lectionner \u00ab Prix d&#8217;excellence en recherche aux cycles sup\u00e9rieurs \u00bb dans le menu d\u00e9roulant du site de soumission des r\u00e9sum\u00e9s.<\/p>\n\n\n\n<p class=\"has-text-align-center\"><a href=\"https:\/\/entsocalberta.ca\/jam2025\/fr\/inscription-et-resumes\/prix-dexcellence-en-recherche-aux-cycles-superieurs\/\" data-type=\"page\" data-id=\"453\"><strong>Les informations concernant le Prix d&#8217;excellence en recherche aux cycles sup\u00e9rieurs se trouvent ici<\/strong><\/a><\/p>\n\n\n\n<p>Si vous ne souhaitez pas \u00eatre consid\u00e9r\u00e9s pour le Prix d&#8217;excellence en recherche aux cycles sup\u00e9rieur, vous pouvez choisir de concourir pour le Prix de la pr\u00e9sidence lorsque vous t\u00e9l\u00e9chargez votre r\u00e9sum\u00e9. Ces prix sont d\u00e9cern\u00e9s aux meilleures pr\u00e9sentations orales et par affiches lors de la r\u00e9union annuelle conjointe SEC-SEAb 2025.<\/p>\n\n\n<div class=\"wp-block-ub-content-toggle wp-block-ub-content-toggle-block\" id=\"ub-content-toggle-block-fe9fe583-6d01-4ddd-a048-8a7a73241cc5\" data-mobilecollapse=\"false\" data-desktopcollapse=\"false\" data-preventcollapse=\"false\" data-showonlyone=\"false\">\n<div class=\"wp-block-ub-content-toggle-accordion\" style=\"border-color: #a8d5ba;\" id=\"ub-content-toggle-panel-block-\">\n\t\t\t<div class=\"wp-block-ub-content-toggle-accordion-title-wrap\" style=\"background-color: #a8d5ba;\" aria-controls=\"ub-content-toggle-panel-0-fe9fe583-6d01-4ddd-a048-8a7a73241cc5\" tabindex=\"0\">\n\t\t\t<p class=\"wp-block-ub-content-toggle-accordion-title ub-content-toggle-title-fe9fe583-6d01-4ddd-a048-8a7a73241cc5\" style=\"color: #000000; \"><strong>Pour \u00eatre \u00e9ligible au Prix de la pr\u00e9sidence, les personnes doivent :<\/strong><\/p>\n\t\t\t<div class=\"wp-block-ub-content-toggle-accordion-toggle-wrap right\" style=\"color: #000000;\"><span class=\"wp-block-ub-content-toggle-accordion-state-indicator wp-block-ub-math-plus open\"><\/span><\/div>\n\t\t<\/div>\n\t\t\t<div role=\"region\" aria-expanded=\"true\" class=\"wp-block-ub-content-toggle-accordion-content-wrap\" id=\"ub-content-toggle-panel-0-fe9fe583-6d01-4ddd-a048-8a7a73241cc5\">\n\n<ul class=\"wp-block-list\">\n<li>\u00catre inscrit<s>es<\/s>\u00a0\u00e0 un programme menant \u00e0 un dipl\u00f4me ou avoir obtenu votre dipl\u00f4me au cours des six derniers mois.<\/li>\n\n\n\n<li>\u00catre la personne charg\u00e9e de la recherche et pr\u00e9senter vous-m\u00eames le travail.<\/li>\n<\/ul>\n\n<\/div>\n\t\t<\/div>\n<\/div>\n\n\n<p><strong>Notification d&#8217;acceptation des communications et des affiches :<\/strong>&nbsp;Le comit\u00e9 du programme scientifique \u00e9valuera les r\u00e9sum\u00e9s soumis environ toutes les deux semaines jusqu&#8217;\u00e0 la date limite de soumission fix\u00e9e au 15 ao\u00fbt 2025, et informera les personnes concern\u00e9es par courriel de la d\u00e9cision prise. Si vous avez besoin d&#8217;une confirmation \u00e9crite de votre acceptation pour participer \u00e0 la r\u00e9union annuelle conjointe, nous vous recommandons de soumettre votre r\u00e9sum\u00e9 d\u00e8s que possible ! Si toutes les places pour les pr\u00e9sentations orales sont d\u00e9j\u00e0 attribu\u00e9es au moment o\u00f9 le comit\u00e9 re\u00e7oit un r\u00e9sum\u00e9, la personne pourra se voir proposer de pr\u00e9senter son travail sous&nbsp;forme d&#8217;affiche.<\/p>\n\n\n\n<p><strong>Les d\u00e9tails concernant la mise en&nbsp;forme des pr\u00e9sentations (p. ex. dimensions des affiches) seront fournis au d\u00e9but de l&#8217;\u00e9t\u00e9.<\/strong><\/p>\n<\/div>\n<\/div>\n","protected":false},"excerpt":{"rendered":"<p>Inscription Frais d&#8217;inscription : Si vous \u00eates membre de la SEC, vous devez vous connecter \u00e0 votre compte membre de la SEC pour voir et obtenir le tarif membre. Si vous \u00eates membre de la SEAB, mais pas de la SEC, s\u00e9lectionnez le billet Non-membre, puis, \u00e0 l&#8217;\u00e9cran de paiement, utilisez le code de r\u00e9duction [&hellip;]<\/p>\n","protected":false},"author":1,"featured_media":0,"parent":41,"menu_order":0,"comment_status":"closed","ping_status":"closed","template":"wp-custom-template-french","meta":{"ub_ctt_via":"","footnotes":""},"class_list":["post-55","page","type-page","status-publish","hentry"],"featured_image_src":null,"_links":{"self":[{"href":"https:\/\/entsocalberta.ca\/jam2025\/wp-json\/wp\/v2\/pages\/55","targetHints":{"allow":["GET"]}}],"collection":[{"href":"https:\/\/entsocalberta.ca\/jam2025\/wp-json\/wp\/v2\/pages"}],"about":[{"href":"https:\/\/entsocalberta.ca\/jam2025\/wp-json\/wp\/v2\/types\/page"}],"author":[{"embeddable":true,"href":"https:\/\/entsocalberta.ca\/jam2025\/wp-json\/wp\/v2\/users\/1"}],"replies":[{"embeddable":true,"href":"https:\/\/entsocalberta.ca\/jam2025\/wp-json\/wp\/v2\/comments?post=55"}],"version-history":[{"count":32,"href":"https:\/\/entsocalberta.ca\/jam2025\/wp-json\/wp\/v2\/pages\/55\/revisions"}],"predecessor-version":[{"id":847,"href":"https:\/\/entsocalberta.ca\/jam2025\/wp-json\/wp\/v2\/pages\/55\/revisions\/847"}],"up":[{"embeddable":true,"href":"https:\/\/entsocalberta.ca\/jam2025\/wp-json\/wp\/v2\/pages\/41"}],"wp:attachment":[{"href":"https:\/\/entsocalberta.ca\/jam2025\/wp-json\/wp\/v2\/media?parent=55"}],"curies":[{"name":"wp","href":"https:\/\/api.w.org\/{rel}","templated":true}]}}