{"id":453,"date":"2025-05-08T16:31:07","date_gmt":"2025-05-08T16:31:07","guid":{"rendered":"https:\/\/entsocalberta.ca\/jam2025\/?page_id=453"},"modified":"2025-10-04T02:25:08","modified_gmt":"2025-10-04T02:25:08","slug":"prix-dexcellence-en-recherche-aux-cycles-superieurs","status":"publish","type":"page","link":"https:\/\/entsocalberta.ca\/jam2025\/fr\/inscription-et-resumes\/prix-dexcellence-en-recherche-aux-cycles-superieurs\/","title":{"rendered":"Prix d&#8217;excellence en recherche aux cycles sup\u00e9rieurs"},"content":{"rendered":"\n<h3 class=\"wp-block-heading has-text-align-center has-large-font-size\"><strong>Prix d&#8217;excellence en recherche aux cycles sup\u00e9rieurs 2025 : Appel de candidatures<\/strong><\/h3>\n\n\n\n<p>Nous invitons la population \u00e9tudiante des cycles sup\u00e9rieurs \u00e0 pr\u00e9senter sa candidature au Prix d&#8217;excellence en recherche aux cycles sup\u00e9rieurs (anciennement appel\u00e9 \u00ab Vitrine des \u00e9tudes sup\u00e9rieures \u00bb) pour la r\u00e9union annuelle conjointe 2025 de la Soci\u00e9t\u00e9 d&#8217;entomologie de l&#8217;Alberta et de la Soci\u00e9t\u00e9 d&#8217;entomologie du Canada. Ce prix vise \u00e0 offrir aux personnes qui sont sur le point d&#8217;obtenir leur dipl\u00f4me une occasion tr\u00e8s visible de pr\u00e9senter un aper\u00e7u plus approfondi de leur th\u00e8se. En plus de disposer de plus de temps pour faire une pr\u00e9sentation orale, les quatre r\u00e9cipiendaires recevront 500$ chaque, la bourse Ed Becker pour la participation \u00e0 la r\u00e9union annuelle conjointe afin de les aider \u00e0 couvrir leurs frais de d\u00e9placement (500-700$) ainsi qu\u2019une adh\u00e9sion comme membre aux \u00e9tudes \u00e0 la SEC avec acc\u00e8s en ligne \u00e0 TCE. Les personnes des cycles sup\u00e9rieurs qui souhaitent \u00eatre consid\u00e9r\u00e9es pour le prix doivent s\u00e9lectionner \u00ab Prix d&#8217;excellence en recherche aux cycles sup\u00e9rieurs \u00bb dans le menu d\u00e9roulant du site de soumission des r\u00e9sum\u00e9s. Pour \u00eatre consid\u00e9r\u00e9es pour ce prix, les personnes doivent soumettre des renseignements suppl\u00e9mentaires au Comit\u00e9 des affaires \u00e9tudiantes et de d\u00e9but de carri\u00e8re de la SEC (voir ci-dessous).<\/p>\n\n\n\n<p>Les personnes qui souhaitent obtenir le Prix d&#8217;excellence en recherche aux cycles sup\u00e9rieurs doivent :<\/p>\n\n\n\n<ol class=\"wp-block-list\">\n<li>Avoir soutenu ou pr\u00e9voir soutenir leur m\u00e9moire ou leur th\u00e8se dans une universit\u00e9 canadienne dans l&#8217;ann\u00e9e qui suit ou pr\u00e9c\u00e8de la r\u00e9union.<\/li>\n\n\n\n<li>\u00catre la personne charg\u00e9e de la recherche et pr\u00e9senter soi-m\u00eame le travail.<\/li>\n<\/ol>\n\n\n\n<p>Les personnes admissibles qui souhaitent \u00eatre consid\u00e9r\u00e9es pour ce prix doivent soumettre une candidature compl\u00e8te \u00e0 students@esc-sec.ca, en suivant les instructions ci-dessous :<\/p>\n\n\n\n<ol class=\"wp-block-list\">\n<li>Soumettre un r\u00e9sum\u00e9 de 250 mots d\u00e9crivant la pr\u00e9sentation propos\u00e9e et mettant en avant leur travail<\/li>\n\n\n\n<li>Soumettre une description d&#8217;une page (\u00e0 interligne simple, en police 12 points) de leur recherche, incluant la justification\/importance, la m\u00e9thodologie et les r\u00e9sultats obtenus \u00e0 ce jour<\/li>\n\n\n\n<li>Demander \u00e0 son ou sa superviseure principale d&#8217;envoyer par courriel une lettre d&#8217;appui confirmant la date pr\u00e9vue ou r\u00e9elle de l&#8217;obtention du dipl\u00f4me et contenant des commentaires sur la pr\u00e9sentation propos\u00e9e et les capacit\u00e9s de pr\u00e9sentation et de recherche de la personne candidate<\/li>\n\n\n\n<li>Soumettre un CV incluant une liste des conf\u00e9rences pr\u00e9c\u00e9demment donn\u00e9es et autres exp\u00e9riences en mati\u00e8re de pr\u00e9sentation<\/li>\n<\/ol>\n\n\n\n<p>En plus des documents susmentionn\u00e9s, les personnes qui pr\u00e9sentent une demande sont encourag\u00e9es \u2013 sans obligation \u2013 \u00e0 fournir des renseignements suppl\u00e9mentaires sur tout facteur susceptible d&#8217;avoir influ\u00e9 sur leur demande (p. ex. des facteurs qui ont pu limiter leur acc\u00e8s \u00e0 des occasions de publication ou de pr\u00e9sentation). Veuillez noter que les renseignements suppl\u00e9mentaires seront consid\u00e9r\u00e9s comme confidentiels et ne seront consult\u00e9s que par les membres du comit\u00e9 de s\u00e9lection du Prix d&#8217;excellence en recherche aux cycles sup\u00e9rieurs (anciennement le comit\u00e9 de la Vitrine des \u00e9tudes des cycles sup\u00e9rieurs).<\/p>\n\n\n\n<p>La date limite pour postuler au Prix d&#8217;excellence en recherche aux cycles sup\u00e9rieurs <strong>est le 1er ao\u00fbt 2025<\/strong>. Nous s\u00e9lectionnerons jusqu&#8217;\u00e0 quatre r\u00e9cipiendaires. Toutes les personnes qui auront postul\u00e9 seront inform\u00e9es de la d\u00e9cision avant la r\u00e9union. Les candidatures non retenues seront automatiquement transf\u00e9r\u00e9es \u00e0 la session orale du Prix de la pr\u00e9sidence si les personnes concern\u00e9es r\u00e9pondent aux crit\u00e8res d&#8217;admissibilit\u00e9, \u00e0 savoir \u00eatre actuellement inscrites \u00e0 un programme d&#8217;\u00e9tudes sup\u00e9rieures ou avoir termin\u00e9 leur programme au cours des six derniers mois.<\/p>\n\n\n\n<p>Les diff\u00e9rences entre le Prix d&#8217;excellence en recherche aux cycles sup\u00e9rieurs (PERCS) et le Prix de la pr\u00e9sidence (PP) sont les suivantes:<\/p>\n\n\n\n<ul class=\"wp-block-list\">\n<li>Le PERCS se d\u00e9roulera dans un cr\u00e9neau horaire qui lui est r\u00e9serv\u00e9 ; il n&#8217;y aura donc pas de conflits d&#8217;horaires !<\/li>\n\n\n\n<li>Les pr\u00e9sentations du PERCS sont plus longues (28 minutes au total, dont 25 minutes pour la pr\u00e9sentation et 3 minutes pour les questions).<\/li>\n\n\n\n<li>Les r\u00e9sum\u00e9s des conf\u00e9rences pr\u00e9sent\u00e9es dans le cadre du PERCS sont publi\u00e9s dans le Bulletin de la SEC, une publication en libre acc\u00e8s, re\u00e7ue par tous les membres de la SEC.<\/li>\n\n\n\n<li>Le processus de s\u00e9lection pour le PERCS est comp\u00e9titif (seules les personnes s\u00e9lectionn\u00e9es peuvent pr\u00e9senter), contrairement au PP o\u00f9 toutes les personnes aux \u00e9tudes peuvent pr\u00e9senter, mais o\u00f9 une seule par cat\u00e9gorie re\u00e7oit un prix.<\/li>\n\n\n\n<li>Tous les r\u00e9cipiendaires du PERCS re\u00e7oivent une r\u00e9mun\u00e9ration de 500$ et la bourse Ed Becker pour aider \u00e0 couvrir leurs frais de d\u00e9placement.<\/li>\n<\/ul>\n\n\n\n<p>Nous encourageons et accueillons les candidatures de toutes les personnes admissibles, en particulier celles qui s&#8217;identifient \u00e0 des groupes sous-repr\u00e9sent\u00e9s dans les STIM et l&#8217;entomologie. La Soci\u00e9t\u00e9 d&#8217;entomologie du Canada valorise la diversit\u00e9 sous toutes ses formes et cherche \u00e0 repr\u00e9senter la diversit\u00e9 de la recherche entomologique canadienne et des identit\u00e9s des entomologistes par le biais de ce prix. Nous invitons les personnes en position de supervision \u00e0 encourager la communaut\u00e9 \u00e9tudiante \u00e0 postuler et \u00e0 nous aider \u00e0 faire passer le mot! Pour toute question, veuillez \u00e9crire \u00e0 students@esc-sec.ca.<\/p>\n\n\n\n<p>Berenice Romero et Georgiana Antochi-Crihan<\/p>\n\n\n\n<p>Copr\u00e9sidentes du Comit\u00e9 des affaires \u00e9tudiantes et de d\u00e9but de carri\u00e8re de la SEC<\/p>\n","protected":false},"excerpt":{"rendered":"<p>Prix d&#8217;excellence en recherche aux cycles sup\u00e9rieurs 2025 : Appel de candidatures Nous invitons la population \u00e9tudiante des cycles sup\u00e9rieurs \u00e0 pr\u00e9senter sa candidature au Prix d&#8217;excellence en recherche aux cycles sup\u00e9rieurs (anciennement appel\u00e9 \u00ab Vitrine des \u00e9tudes sup\u00e9rieures \u00bb) pour la r\u00e9union annuelle conjointe 2025 de la Soci\u00e9t\u00e9 d&#8217;entomologie de l&#8217;Alberta et de la [&hellip;]<\/p>\n","protected":false},"author":1,"featured_media":0,"parent":55,"menu_order":0,"comment_status":"closed","ping_status":"closed","template":"wp-custom-template-french","meta":{"ub_ctt_via":"","footnotes":""},"class_list":["post-453","page","type-page","status-publish","hentry"],"featured_image_src":null,"_links":{"self":[{"href":"https:\/\/entsocalberta.ca\/jam2025\/wp-json\/wp\/v2\/pages\/453","targetHints":{"allow":["GET"]}}],"collection":[{"href":"https:\/\/entsocalberta.ca\/jam2025\/wp-json\/wp\/v2\/pages"}],"about":[{"href":"https:\/\/entsocalberta.ca\/jam2025\/wp-json\/wp\/v2\/types\/page"}],"author":[{"embeddable":true,"href":"https:\/\/entsocalberta.ca\/jam2025\/wp-json\/wp\/v2\/users\/1"}],"replies":[{"embeddable":true,"href":"https:\/\/entsocalberta.ca\/jam2025\/wp-json\/wp\/v2\/comments?post=453"}],"version-history":[{"count":5,"href":"https:\/\/entsocalberta.ca\/jam2025\/wp-json\/wp\/v2\/pages\/453\/revisions"}],"predecessor-version":[{"id":855,"href":"https:\/\/entsocalberta.ca\/jam2025\/wp-json\/wp\/v2\/pages\/453\/revisions\/855"}],"up":[{"embeddable":true,"href":"https:\/\/entsocalberta.ca\/jam2025\/wp-json\/wp\/v2\/pages\/55"}],"wp:attachment":[{"href":"https:\/\/entsocalberta.ca\/jam2025\/wp-json\/wp\/v2\/media?parent=453"}],"curies":[{"name":"wp","href":"https:\/\/api.w.org\/{rel}","templated":true}]}}