{"id":322,"date":"2024-11-20T18:03:33","date_gmt":"2024-11-20T18:03:33","guid":{"rendered":"https:\/\/entsocalberta.ca\/jam2025\/?page_id=322"},"modified":"2025-10-04T02:25:07","modified_gmt":"2025-10-04T02:25:07","slug":"symposium","status":"publish","type":"page","link":"https:\/\/entsocalberta.ca\/jam2025\/fr\/programme\/symposium\/","title":{"rendered":"Symposium"},"content":{"rendered":"\n<h5 class=\"wp-block-heading has-text-align-left\">Les symposiums et tables rondes suivants auront lieu lors de l&#8217;assembl\u00e9e annuelle des Soci\u00e9t\u00e9s d\u2019Entomologie du Canada et&nbsp;de&nbsp;l\u2019Alberta 2025. Cliquez sur chaque titre pour une br\u00e8ve description.<\/h5>\n\n\n\n<div style=\"height:20px\" aria-hidden=\"true\" class=\"wp-block-spacer\"><\/div>\n\n\n<div class=\"wp-block-ub-content-toggle wp-block-ub-content-toggle-block\" id=\"ub-content-toggle-block-0a159d68-a3b7-4ec8-9d49-6450a14c3793\" data-mobilecollapse=\"true\" data-desktopcollapse=\"true\" data-preventcollapse=\"false\" data-showonlyone=\"false\">\n<div class=\"wp-block-ub-content-toggle-accordion\" style=\"border-color: #a8d5ba;\" id=\"ub-content-toggle-panel-block-17109cf3-098e-42d5-9c6c-2920c3affae9\">\n\t\t\t<div class=\"wp-block-ub-content-toggle-accordion-title-wrap\" style=\"background-color: #a8d5ba;\" aria-controls=\"ub-content-toggle-panel-0-0a159d68-a3b7-4ec8-9d49-6450a14c3793\" tabindex=\"0\">\n\t\t\t<p class=\"wp-block-ub-content-toggle-accordion-title ub-content-toggle-title-0a159d68-a3b7-4ec8-9d49-6450a14c3793\" style=\"color: #000000; \"><strong>Symposium : Le dendroctone du pin ponderosa : ni tout \u00e0 fait nouveau, ni tout \u00e0 fait en expansion : ce que nous avons appris de l&#8217;accroissement de sa r\u00e9partition en Alberta<\/strong><\/p>\n\t\t\t<div class=\"wp-block-ub-content-toggle-accordion-toggle-wrap right\" style=\"color: #000000;\"><span class=\"wp-block-ub-content-toggle-accordion-state-indicator wp-block-ub-math-plus\"><\/span><\/div>\n\t\t<\/div>\n\t\t\t<div role=\"region\" aria-expanded=\"false\" class=\"wp-block-ub-content-toggle-accordion-content-wrap ub-hide\" id=\"ub-content-toggle-panel-0-0a159d68-a3b7-4ec8-9d49-6450a14c3793\">\n\n<p>Organisation\u00a0: Maya Evenden et Antonia Musso<\/p>\n\n\n\n<p>Le dendroctone du pin ponderosa, <em>Dendroctonus ponderosae<\/em> Hopkins, est l&#8217;agent de mortalit\u00e9 le plus important des pins matures dans l&#8217;ouest de l&#8217;Am\u00e9rique du Nord. Sa r\u00e9partition historique s&#8217;\u00e9tend du centre-nord de la Colombie-Britannique au sud, en passant par l&#8217;ouest des \u00c9tats-Unis jusqu&#8217;au Mexique. Suite \u00e0 une \u00e9pid\u00e9mie hyper-virulente au d\u00e9but des ann\u00e9es 2000, le dendroctone du pin ponderosa a \u00e9tendu sa r\u00e9partition \u00e0 des for\u00eats plus septentrionales, plus orientales et plus \u00e9lev\u00e9es que celles pr\u00e9c\u00e9demment enregistr\u00e9es. Le dendroctone du pin ponderosa est maintenant \u00e9tabli en Alberta et a r\u00e9ussi \u00e0 coloniser un nouvel h\u00f4te, le pin gris, <em>Pinus banksiana<\/em>, une composante majeure de la for\u00eat bor\u00e9ale canadienne. On ne sait toutefois pas si le dendroctone du pin ponderosa atteindra des densit\u00e9s de population \u00e9pid\u00e9miques dans les for\u00eats domin\u00e9es par le pin gris. De vastes projets de recherche men\u00e9s par plusieurs institutions et visant \u00e0 comprendre le dendroctone du pin ponderosa, ses champignons symbiotes et ses arbres h\u00f4tes dans sa r\u00e9partition \u00e9largie fournissent de nombreuses informations biologiques qui serviront de base \u00e0 la gestion du dendroctone \u00e0 l&#8217;est des Rocheuses. Ce symposium met en lumi\u00e8re certaines des \u00e9tudes men\u00e9es sur le syst\u00e8me du dendroctone du pin ponderosa dans sa r\u00e9partition \u00e9largie en Alberta. Les sujets abord\u00e9s vont des g\u00e8nes aux \u00e9cosyst\u00e8mes et couvrent des \u00e9tudes sur la g\u00e9n\u00e9tique du syst\u00e8me du dendroctone du pin ponderosa, la biologie et la physiologie hivernale, les interactions entre le dendroctone et son h\u00f4te, la dispersion par le vol et la gestion des dendroctones \u00e0 l&#8217;est des montagnes Rocheuses.<\/p>\n\n<\/div>\n\t\t<\/div>\n<\/div>\n\n<div class=\"wp-block-ub-content-toggle wp-block-ub-content-toggle-block\" id=\"ub-content-toggle-block-ba21f1b1-3db8-4e70-8e1b-f26530a19da6\" data-mobilecollapse=\"true\" data-desktopcollapse=\"true\" data-preventcollapse=\"false\" data-showonlyone=\"false\">\n<div class=\"wp-block-ub-content-toggle-accordion\" style=\"border-color: #a8d5ba;\" id=\"ub-content-toggle-panel-block-eeb7cd40-4e78-4f82-9108-8177bdb67d90\">\n\t\t\t<div class=\"wp-block-ub-content-toggle-accordion-title-wrap\" style=\"background-color: #a8d5ba;\" aria-controls=\"ub-content-toggle-panel-0-ba21f1b1-3db8-4e70-8e1b-f26530a19da6\" tabindex=\"0\">\n\t\t\t<p class=\"wp-block-ub-content-toggle-accordion-title ub-content-toggle-title-ba21f1b1-3db8-4e70-8e1b-f26530a19da6\" style=\"color: #000000; \"><strong>Symposium : Lancer un vaste filet : les d\u00e9fis de la recherche sur la biodiversit\u00e9 dans un pays vaste et \u00e9cologiquement diversifi\u00e9<\/strong><\/p>\n\t\t\t<div class=\"wp-block-ub-content-toggle-accordion-toggle-wrap right\" style=\"color: #000000;\"><span class=\"wp-block-ub-content-toggle-accordion-state-indicator wp-block-ub-math-plus\"><\/span><\/div>\n\t\t<\/div>\n\t\t\t<div role=\"region\" aria-expanded=\"false\" class=\"wp-block-ub-content-toggle-accordion-content-wrap ub-hide\" id=\"ub-content-toggle-panel-0-ba21f1b1-3db8-4e70-8e1b-f26530a19da6\">\n\n<p>Organisation\u00a0: Shawn Abraham et Donna Giberson<\/p>\n\n\n\n<p>Notre symposium part du principe que pour \u00e9valuer les \u00ab\u00a0Nouvelles bestioles \u00e0 l&#8217;horizon\u00a0\u00bb, nous devons \u00e9galement bien comprendre les esp\u00e8ces qui existent d\u00e9j\u00e0. La taille et la diversit\u00e9 du pays rendent la t\u00e2che difficile. Les pr\u00e9sentations de ce symposium sont con\u00e7ues pour examiner certains des d\u00e9fis li\u00e9s \u00e0 l&#8217;\u00e9valuation de la biodiversit\u00e9 au Canada (des questions m\u00e9thodologiques \u00e0 la logistique pour obtenir des permis et acc\u00e9der aux r\u00e9gions \u00e9loign\u00e9es), puis fournir quelques exemples de la mani\u00e8re dont ces d\u00e9fis peuvent \u00eatre surmont\u00e9s. Les conf\u00e9rences porteront \u00e9galement, le cas \u00e9ch\u00e9ant, sur la mani\u00e8re dont les recherches sur la biodiversit\u00e9 ont permis de d\u00e9couvrir de \u00ab nouveaux insectes \u00bb, c&#8217;est-\u00e0-dire de nouveaux sp\u00e9cimens ou de nouvelles introductions.<\/p>\n\n<\/div>\n\t\t<\/div>\n<\/div>\n\n<div class=\"wp-block-ub-content-toggle wp-block-ub-content-toggle-block\" id=\"ub-content-toggle-block-69d4dc89-ca42-41fc-9c9e-225ad5f31b06\" data-mobilecollapse=\"false\" data-desktopcollapse=\"false\" data-preventcollapse=\"false\" data-showonlyone=\"true\">\n<div class=\"wp-block-ub-content-toggle-accordion\" style=\"border-color: #a8d5ba;\" id=\"ub-content-toggle-panel-block-f1354afc-8f49-401a-b573-2c903d550fc7\">\n\t\t\t<div class=\"wp-block-ub-content-toggle-accordion-title-wrap\" style=\"background-color: #a8d5ba;\" aria-controls=\"ub-content-toggle-panel-0-69d4dc89-ca42-41fc-9c9e-225ad5f31b06\" tabindex=\"0\">\n\t\t\t<p class=\"wp-block-ub-content-toggle-accordion-title ub-content-toggle-title-69d4dc89-ca42-41fc-9c9e-225ad5f31b06\" style=\"color: #000000; \"><strong>Symposium : Mont\u00e9e des c\u00e9cidomyies : l&#8217;\u00e9mergence de ravageurs c\u00e9cidomyiid\u00e9s en Am\u00e9rique du Nord<\/strong><\/p>\n\t\t\t<div class=\"wp-block-ub-content-toggle-accordion-toggle-wrap right\" style=\"color: #000000;\"><span class=\"wp-block-ub-content-toggle-accordion-state-indicator wp-block-ub-math-plus\"><\/span><\/div>\n\t\t<\/div>\n\t\t\t<div role=\"region\" aria-expanded=\"false\" class=\"wp-block-ub-content-toggle-accordion-content-wrap ub-hide\" id=\"ub-content-toggle-panel-0-69d4dc89-ca42-41fc-9c9e-225ad5f31b06\">\n\n<p>Organisation\u00a0: Rebeccca Hallett et Boyd Mori<\/p>\n\n\n\n<p>Ces derni\u00e8res ann\u00e9es, un certain nombre d&#8217;esp\u00e8ces end\u00e9miques et exotiques de c\u00e9cidomyies sont apparues comme des ravageurs de diverses cultures en Am\u00e9rique du Nord, ce qui a n\u00e9cessit\u00e9 de nouvelles connaissances sur leur biologie et leur \u00e9cologie, leurs impacts \u00e9conomiques, leurs ennemis naturels et leur gestion. Ce symposium inclut des recherches dans les domaines de la ph\u00e9nologie, de l&#8217;\u00e9cologie, de l&#8217;\u00e9cologie chimique, des ennemis naturels, des impacts \u00e9conomiques et de la gestion int\u00e9gr\u00e9e des ravageurs, et fournit des informations sur l&#8217;\u00e9tendue de la r\u00e9partition des esp\u00e8ces d\u00e9j\u00e0 pr\u00e9sentes au Canada, les le\u00e7ons tir\u00e9es des introductions et invasions pr\u00e9c\u00e9dentes, et les outils g\u00e9nomiques dans la recherche sur l&#8217;\u00e9cologie des invasions.<\/p>\n\n<\/div>\n\t\t<\/div>\n<\/div>\n\n<div class=\"wp-block-ub-content-toggle wp-block-ub-content-toggle-block\" id=\"ub-content-toggle-block-e0912a5a-ae09-47ee-9994-a8f03409c763\" data-mobilecollapse=\"false\" data-desktopcollapse=\"false\" data-preventcollapse=\"false\" data-showonlyone=\"true\">\n<div class=\"wp-block-ub-content-toggle-accordion\" style=\"border-color: #a8d5ba;\" id=\"ub-content-toggle-panel-block-2a7e1663-3ae5-4180-befe-c453d2ce228d\">\n\t\t\t<div class=\"wp-block-ub-content-toggle-accordion-title-wrap\" style=\"background-color: #a8d5ba;\" aria-controls=\"ub-content-toggle-panel-0-e0912a5a-ae09-47ee-9994-a8f03409c763\" tabindex=\"0\">\n\t\t\t<p class=\"wp-block-ub-content-toggle-accordion-title ub-content-toggle-title-e0912a5a-ae09-47ee-9994-a8f03409c763\" style=\"color: #000000; \"><strong>Symposium : Nouveaux outils de conservation des arthropodes<\/strong><\/p>\n\t\t\t<div class=\"wp-block-ub-content-toggle-accordion-toggle-wrap right\" style=\"color: #000000;\"><span class=\"wp-block-ub-content-toggle-accordion-state-indicator wp-block-ub-math-plus\"><\/span><\/div>\n\t\t<\/div>\n\t\t\t<div role=\"region\" aria-expanded=\"false\" class=\"wp-block-ub-content-toggle-accordion-content-wrap ub-hide\" id=\"ub-content-toggle-panel-0-e0912a5a-ae09-47ee-9994-a8f03409c763\">\n\n<p>Organisation\u00a0: Julia Mlynarek et Jayme Lethwaite<\/p>\n\n\n\n<p><br>Avec le d\u00e9clin \u00e9vident des insectes dans le monde, il est plus important que jamais de recueillir les meilleures informations pour que les responsables puissent \u00e9valuer au mieux les esp\u00e8ces. La surveillance traditionnelle est imp\u00e9rative, mais il existe des outils \u00e9mergents tels que la surveillance automatis\u00e9e, l&#8217;IA pour l&#8217;identification, la mod\u00e9lisation de la distribution, la g\u00e9n\u00e9tique de la conservation et les programmes d&#8217;\u00e9levage et de l\u00e2cher qui peuvent aider \u00e0 combler les lacunes dans les connaissances sur les esp\u00e8ces rares et \u00e0 rendre ces esp\u00e8ces d&#8217;arthropodes indig\u00e8nes plus visibles. Au cours de ce symposium, nous entendrons parler de ces diff\u00e9rents outils, de la mani\u00e8re dont ils ont \u00e9t\u00e9 mis en \u0153uvre et des circonstances dans lesquelles ils pourraient \u00eatre int\u00e9gr\u00e9s dans des programmes et des projets de recherche.<\/p>\n\n<\/div>\n\t\t<\/div>\n<\/div>\n\n<div class=\"wp-block-ub-content-toggle wp-block-ub-content-toggle-block\" id=\"ub-content-toggle-block-d4c7116a-4b06-4092-b6b6-36af42dd57d1\" data-mobilecollapse=\"false\" data-desktopcollapse=\"false\" data-preventcollapse=\"false\" data-showonlyone=\"true\">\n<div class=\"wp-block-ub-content-toggle-accordion\" style=\"border-color: #a8d5ba;\" id=\"ub-content-toggle-panel-block-4b72884e-f8cb-4177-8bfe-2116807b86da\">\n\t\t\t<div class=\"wp-block-ub-content-toggle-accordion-title-wrap\" style=\"background-color: #a8d5ba;\" aria-controls=\"ub-content-toggle-panel-0-d4c7116a-4b06-4092-b6b6-36af42dd57d1\" tabindex=\"0\">\n\t\t\t<p class=\"wp-block-ub-content-toggle-accordion-title ub-content-toggle-title-d4c7116a-4b06-4092-b6b6-36af42dd57d1\" style=\"color: #000000; \"><strong>Symposium : R\u00e9v\u00e9ler l&#8217;histoire complexe des invasions d&#8217;arthropodes gr\u00e2ce aux \u00ab omiques \u00bb<\/strong><\/p>\n\t\t\t<div class=\"wp-block-ub-content-toggle-accordion-toggle-wrap right\" style=\"color: #000000;\"><span class=\"wp-block-ub-content-toggle-accordion-state-indicator wp-block-ub-math-plus\"><\/span><\/div>\n\t\t<\/div>\n\t\t\t<div role=\"region\" aria-expanded=\"false\" class=\"wp-block-ub-content-toggle-accordion-content-wrap ub-hide\" id=\"ub-content-toggle-panel-0-d4c7116a-4b06-4092-b6b6-36af42dd57d1\">\n\n<p>Organisation\u00a0: Amanda Roe et Erin Campbell<\/p>\n\n\n\n<p>Les invasions d&#8217;insectes constituent une menace g\u00e9n\u00e9ralis\u00e9e pour la sant\u00e9 \u00e9cologique et \u00e9conomique de nos environnements naturels. Il s&#8217;agit, par d\u00e9finition, de nouveaux insectes dont la population augmente dans des habitats nouveaux ou na\u00effs. Ce processus d&#8217;invasion est complexe et peut laisser une signature mol\u00e9culaire dans la population envahissante qui fournit des indices sur son histoire et son potentiel de propagation future. Les \u00ab\u00a0omiques\u00a0\u00bb, y compris la g\u00e9nomique et la transcriptomique, fournissent des approches puissantes pour r\u00e9v\u00e9ler ces signatures mol\u00e9culaires, en fournissant un aper\u00e7u de l&#8217;histoire de l&#8217;invasion, en identifiant les traits g\u00e9n\u00e9tiques ou fonctionnels qui sous-tendent le succ\u00e8s de l&#8217;invasion et en fournissant des preuves d&#8217;une adaptation rapide \u00e0 de nouveaux environnements. Nous proposons un symposium qui met en lumi\u00e8re la diversit\u00e9 des syst\u00e8mes d&#8217;arthropodes et les nouvelles approches \u00ab\u00a0omiques\u00a0\u00bb qui peuvent aider \u00e0 \u00e9lucider le processus fascinant de l&#8217;invasion des insectes. Nous avons invit\u00e9 des sp\u00e9cialistes qui repr\u00e9sentent une diversit\u00e9 de parcours professionnels et d&#8217;horizons, et qui utilisent une r\u00e9partition d&#8217;outils \u00ab\u00a0omiques\u00a0\u00bb pour comprendre les histoires uniques des insectes envahissants<\/p>\n\n<\/div>\n\t\t<\/div>\n<\/div>\n\n<div class=\"wp-block-ub-content-toggle wp-block-ub-content-toggle-block\" id=\"ub-content-toggle-block-e482d371-5d33-43df-b009-cd4f9f359728\" data-mobilecollapse=\"false\" data-desktopcollapse=\"false\" data-preventcollapse=\"false\" data-showonlyone=\"true\">\n<div class=\"wp-block-ub-content-toggle-accordion\" style=\"border-color: #a8d5ba;\" id=\"ub-content-toggle-panel-block-38b6e3c1-89ff-4ed6-8856-23a2de710496\">\n\t\t\t<div class=\"wp-block-ub-content-toggle-accordion-title-wrap\" style=\"background-color: #a8d5ba;\" aria-controls=\"ub-content-toggle-panel-0-e482d371-5d33-43df-b009-cd4f9f359728\" tabindex=\"0\">\n\t\t\t<p class=\"wp-block-ub-content-toggle-accordion-title ub-content-toggle-title-e482d371-5d33-43df-b009-cd4f9f359728\" style=\"color: #000000; \"><strong>Symposium : De mieux en mieux compris : les progr\u00e8s de la recherche sur les abeilles mellif\u00e8res<\/strong><\/p>\n\t\t\t<div class=\"wp-block-ub-content-toggle-accordion-toggle-wrap right\" style=\"color: #000000;\"><span class=\"wp-block-ub-content-toggle-accordion-state-indicator wp-block-ub-math-plus\"><\/span><\/div>\n\t\t<\/div>\n\t\t\t<div role=\"region\" aria-expanded=\"false\" class=\"wp-block-ub-content-toggle-accordion-content-wrap ub-hide\" id=\"ub-content-toggle-panel-0-e482d371-5d33-43df-b009-cd4f9f359728\">\n\n<p>Organisation\u00a0: Olav Rueppell, Shelley Hoover et Rassol Bahreini<\/p>\n\n\n\n<p>M\u00eame si les abeilles mellif\u00e8res ne sont pas nouvelles au Canada, elles suscitent une liste toujours croissante de questions de recherche intrigantes, qui sont en partie aliment\u00e9s par leur vie sociale \u00e9labor\u00e9e et leur biologie fascinante et en partie par les graves probl\u00e8mes de sant\u00e9 auxquels cette esp\u00e8ce d&#8217;importance commerciale est confront\u00e9e. Dans ce symposium, nous cherchons \u00e0 mettre en \u00e9vidence les nombreuses orientations importantes que prend la recherche sur les abeilles mellif\u00e8res au Canada. Nous nous concentrons sur les abeilles mellif\u00e8res en tant que mod\u00e8le de longue date pour de nombreuses autres esp\u00e8ces d&#8217;insectes afin de r\u00e9unir des sp\u00e9cialistes de diverses sous-disciplines et d&#8217;\u00e9lucider les nouveaux aspects de la biologie et de la sant\u00e9 de cette esp\u00e8ce particuli\u00e8re. Les recherches pr\u00e9sent\u00e9es seront r\u00e9parties entre les diff\u00e9rents niveaux d&#8217;organisation biologique et incluront les sciences fondamentales et appliqu\u00e9es, avec un accent particulier sur les nouvelles approches utilis\u00e9es dans les \u00e9tudes r\u00e9centes.<\/p>\n\n<\/div>\n\t\t<\/div>\n<\/div>\n\n<div class=\"wp-block-ub-content-toggle wp-block-ub-content-toggle-block\" id=\"ub-content-toggle-block-267e729c-c172-4802-abdb-49fdb34bf1aa\" data-mobilecollapse=\"false\" data-desktopcollapse=\"false\" data-preventcollapse=\"false\" data-showonlyone=\"true\">\n<div class=\"wp-block-ub-content-toggle-accordion\" style=\"border-color: #a8d5ba;\" id=\"ub-content-toggle-panel-block-d59f96b0-ba09-40ed-99c0-2184357abaa2\">\n\t\t\t<div class=\"wp-block-ub-content-toggle-accordion-title-wrap\" style=\"background-color: #a8d5ba;\" aria-controls=\"ub-content-toggle-panel-0-267e729c-c172-4802-abdb-49fdb34bf1aa\" tabindex=\"0\">\n\t\t\t<p class=\"wp-block-ub-content-toggle-accordion-title ub-content-toggle-title-267e729c-c172-4802-abdb-49fdb34bf1aa\" style=\"color: #000000; \"><strong>Table ronde : De l&#8217;\u0153uf \u00e0 l&#8217;adulte \u2013 Une discussion sur les carri\u00e8res en entomologie<\/strong><\/p>\n\t\t\t<div class=\"wp-block-ub-content-toggle-accordion-toggle-wrap right\" style=\"color: #000000;\"><span class=\"wp-block-ub-content-toggle-accordion-state-indicator wp-block-ub-math-plus\"><\/span><\/div>\n\t\t<\/div>\n\t\t\t<div role=\"region\" aria-expanded=\"false\" class=\"wp-block-ub-content-toggle-accordion-content-wrap ub-hide\" id=\"ub-content-toggle-panel-0-267e729c-c172-4802-abdb-49fdb34bf1aa\">\n\n<p>Organisation: Berenice Romero et Georgiana Antochi-Crihan<\/p>\n\n\n\n<p><br>La biodiversit\u00e9 au sein des insectes refl\u00e8te les nombreuses fa\u00e7ons dont les entomologistes contribuent \u00e0 la soci\u00e9t\u00e9 gr\u00e2ce \u00e0 leurs connaissances. Au-del\u00e0 des r\u00f4les universitaires traditionnels, les entomologistes se sont aventur\u00e9s dans divers domaines, notamment les agences de conseil, le gouvernement, les mus\u00e9es, les entreprises de contr\u00f4le urbain et la m\u00e9decine l\u00e9gale. Au fur et \u00e0 mesure que les membres de la communaut\u00e9 \u00e9tudiante progressent dans leurs \u00e9tudes de premier et de deuxi\u00e8me cycles, ils peuvent d\u00e9velopper des pr\u00e9jug\u00e9s envers le monde universitaire ou l&#8217;industrie, tout en restant inconscients du large \u00e9ventail de possibilit\u00e9s de carri\u00e8re qui s&#8217;offrent aux jeunes entomologistes (\u00ab\u00a0\u0153ufs\u00a0\u00bb).<br>L&#8217;objectif de cette session est de pr\u00e9senter un groupe d&#8217;entomologistes aux parcours professionnels vari\u00e9s (\u00ab adultes \u00bb), qui participeront \u00e0 une discussion sur la formation et les comp\u00e9tences requises pour leurs postes actuels. Du temps sera \u00e9galement r\u00e9serv\u00e9 pour r\u00e9pondre aux questions de l&#8217;auditoire.<\/p>\n\n<\/div>\n\t\t<\/div>\n<\/div>","protected":false},"excerpt":{"rendered":"<p>Les symposiums et tables rondes suivants auront lieu lors de l&#8217;assembl\u00e9e annuelle des Soci\u00e9t\u00e9s d\u2019Entomologie du Canada et&nbsp;de&nbsp;l\u2019Alberta 2025. Cliquez sur chaque titre pour une br\u00e8ve description.<\/p>\n","protected":false},"author":1,"featured_media":0,"parent":70,"menu_order":0,"comment_status":"closed","ping_status":"closed","template":"wp-custom-template-french","meta":{"ub_ctt_via":"","footnotes":""},"class_list":["post-322","page","type-page","status-publish","hentry"],"featured_image_src":null,"_links":{"self":[{"href":"https:\/\/entsocalberta.ca\/jam2025\/wp-json\/wp\/v2\/pages\/322","targetHints":{"allow":["GET"]}}],"collection":[{"href":"https:\/\/entsocalberta.ca\/jam2025\/wp-json\/wp\/v2\/pages"}],"about":[{"href":"https:\/\/entsocalberta.ca\/jam2025\/wp-json\/wp\/v2\/types\/page"}],"author":[{"embeddable":true,"href":"https:\/\/entsocalberta.ca\/jam2025\/wp-json\/wp\/v2\/users\/1"}],"replies":[{"embeddable":true,"href":"https:\/\/entsocalberta.ca\/jam2025\/wp-json\/wp\/v2\/comments?post=322"}],"version-history":[{"count":20,"href":"https:\/\/entsocalberta.ca\/jam2025\/wp-json\/wp\/v2\/pages\/322\/revisions"}],"predecessor-version":[{"id":853,"href":"https:\/\/entsocalberta.ca\/jam2025\/wp-json\/wp\/v2\/pages\/322\/revisions\/853"}],"up":[{"embeddable":true,"href":"https:\/\/entsocalberta.ca\/jam2025\/wp-json\/wp\/v2\/pages\/70"}],"wp:attachment":[{"href":"https:\/\/entsocalberta.ca\/jam2025\/wp-json\/wp\/v2\/media?parent=322"}],"curies":[{"name":"wp","href":"https:\/\/api.w.org\/{rel}","templated":true}]}}